{"id":471,"date":"2017-02-11T18:47:27","date_gmt":"2017-02-11T18:47:27","guid":{"rendered":"http:\/\/www.calculusdersi.org\/?page_id=471"},"modified":"2023-01-26T18:20:03","modified_gmt":"2023-01-26T18:20:03","slug":"ozel-matematik-dersi","status":"publish","type":"page","link":"http:\/\/www.calculusdersi.org\/?page_id=471","title":{"rendered":"\u00f6zel MATEMAT\u0130K  dersi"},"content":{"rendered":"<p><strong>\u00a0 <a href=\"http:\/\/www.calculusdersi.org\/wp-content\/uploads\/2023\/01\/BSwMqkLKSNb2QQJS7.png\"><img loading=\"lazy\" decoding=\"async\" class=\"size-full wp-image-1164 alignnone\" src=\"http:\/\/www.calculusdersi.org\/wp-content\/uploads\/2023\/01\/BSwMqkLKSNb2QQJS7.png\" alt=\"\" width=\"851\" height=\"324\" srcset=\"http:\/\/www.calculusdersi.org\/wp-content\/uploads\/2023\/01\/BSwMqkLKSNb2QQJS7.png 851w, http:\/\/www.calculusdersi.org\/wp-content\/uploads\/2023\/01\/BSwMqkLKSNb2QQJS7-300x114.png 300w, http:\/\/www.calculusdersi.org\/wp-content\/uploads\/2023\/01\/BSwMqkLKSNb2QQJS7-768x292.png 768w\" sizes=\"(max-width: 851px) 100vw, 851px\" \/><\/a>\u00a0 \u00a0 \u00a0 \u00a0 \u00a0 Bo\u011fazi\u00e7i \u00dcniversitesi matematik \u00f6\u011fretmenli\u011fi mezunu 19 y\u0131ll\u0131k dershane,\u00f6zel okul ve \u00f6zel ders tecr\u00fcbeli, \u00f6zg\u00fcn \u00a0d\u00f6k\u00fcman, teknoloji destekli e\u011fitimle onlarca \u00a0ilk\u00f6\u011fretim, lise ve \u00fcniversite \u00f6\u011frencisine \u00f6zel ders vermi\u015f \u00f6\u011fretmenden evinizde veya yerimizde uygun fiyata ;<br \/>\n<\/strong><\/p>\n<ul>\n<li>\n<div><strong>\u0130lk\u00f6\u011fretim ve lise okul derslerine takviye,<\/strong><\/div>\n<\/li>\n<li>\n<div><strong>Yaz\u0131l\u0131ya haz\u0131rl\u0131k soru ve testleri,<\/strong><\/div>\n<\/li>\n<li>\n<div><strong>\u00dcniversiteye haz\u0131rl\u0131k\u00a0 TYT ve AYT,<\/strong><\/div>\n<\/li>\n<li>\n<div><strong>LGS s\u0131navlar\u0131na haz\u0131rl\u0131k,<\/strong><\/div>\n<\/li>\n<li>\n<div><strong>matematik OL\u0130MP\u0130YATLARI ,<\/strong><\/div>\n<\/li>\n<li>\n<div><strong>IB ,ALES ,KPSS,LES,GRE, GMAT,SAT,DGS ve<\/strong><\/div>\n<\/li>\n<li>\n<div><strong>Akt\u00fcerlik s\u0131navlar\u0131na haz\u0131rl\u0131k,<br \/>\n<\/strong><strong><br \/>\ni\u00e7in \u00f6zel matematik, calculus ve geometri dersleri verilir. E\u011fer eksikliklerinizi k\u0131sa s\u00fcrede tamamlamak ve matematik dersi s\u0131navlar\u0131nda ba\u015far\u0131l\u0131 olmak istiyorsan\u0131z i\u015fte f\u0131rsat, \u015fu an seviyeniz ne olursa olsun mutlaka ba\u015far\u0131l\u0131 olacaks\u0131n\u0131z. Unutmay\u0131n \u00f6zel dersi i\u015fin uzman\u0131ndan al\u0131rsan\u0131z hem k\u0131sa s\u00fcrede \u00f6\u011frenir hem de gereksiz yere zaman ve para harcam\u0131\u015f olmazs\u0131n\u0131z.<\/strong><\/div>\n<\/li>\n<\/ul>\n<p><strong>\u00a0 <a href=\"http:\/\/www.calculusdersi.org\/wp-content\/uploads\/2015\/11\/214ec6_6af6793d255f169340fe1011b1983f33-11.jpg\"><img loading=\"lazy\" decoding=\"async\" class=\"size-medium wp-image-406 alignleft\" src=\"http:\/\/www.calculusdersi.org\/wp-content\/uploads\/2015\/11\/214ec6_6af6793d255f169340fe1011b1983f33-11-300x180.jpg\" alt=\"\" width=\"300\" height=\"180\" srcset=\"http:\/\/www.calculusdersi.org\/wp-content\/uploads\/2015\/11\/214ec6_6af6793d255f169340fe1011b1983f33-11-300x180.jpg 300w, http:\/\/www.calculusdersi.org\/wp-content\/uploads\/2015\/11\/214ec6_6af6793d255f169340fe1011b1983f33-11-190x114.jpg 190w, http:\/\/www.calculusdersi.org\/wp-content\/uploads\/2015\/11\/214ec6_6af6793d255f169340fe1011b1983f33-11.jpg 620w\" sizes=\"(max-width: 300px) 100vw, 300px\" \/><\/a>Yap\u0131lan son y\u0131llardaki TYT\u00a0 ve AYT matematik ve geometri s\u0131nav sorular\u0131na\u00a0 bak\u0131ld\u0131\u011f\u0131nda konular\u0131n i\u015fleni\u015f bi\u00e7imlerinin de\u011fi\u015fti\u011fini sadece test \u00e7\u00f6zerek bu s\u0131nava haz\u0131rlanman\u0131n yeterli olmad\u0131\u011f\u0131 anla\u015f\u0131lm\u0131\u015f,konu i\u00e7eriklerinin mutlaka iyi \u00a0kavranm\u0131\u015f olmas\u0131 \u00a0gerekir . Gruplar i\u00e7in \u00f6zel indirimler var ve iste\u011fe ba\u011fl\u0131 dersler ingilizce de anlat\u0131labilir.\u00a0 <span style=\"color: #ff0000;\">\u00a0<a style=\"color: #ff0000;\" href=\"http:\/\/www.ozelgeometri.com\/?pnum=6&amp;pt=REFERANSLAR\">referanslar &#8230;&#8230;..\u00a0<\/a><\/span><\/strong><strong>\u00a0 \u00a0 \u00a0 \u00a0 \u00a0 \u00a0 \u00a0\u00a0<\/strong><\/p>\n<ul>\n<li>\n<div><strong>\u00a0e-mail : \u00a0snf1881<a href=\"mailto:ozelders2013@gmail.com\">@gmail.com<\/a>\u00a0<\/strong><\/div>\n<\/li>\n<li>\n<div><strong>\u00a0tel\u00a0 05423140369<\/strong><\/div>\n<\/li>\n<li><strong>web:\u00a0 www.ozelmatematik.net<\/strong><\/li>\n<li>&#8230;&#8230;&#8230;&#8230;&#8230;&#8230;&#8230;&#8230;&#8230;&#8230;&#8230;&#8230;&#8230;&#8230;&#8230;&#8230;&#8230;&#8230;&#8230;&#8230;&#8230;&#8230;&#8230;&#8230;&#8230;&#8230;&#8230;&#8230;&#8230;&#8230;&#8230;&#8230;&#8230;&#8230;&#8230;&#8230;&#8230;&#8230;&#8230;&#8230;&#8230;&#8230;&#8230;.<\/li>\n<\/ul>\n<p><strong>\u00a0\u00a0\u00a0\u00a0\u00a0\u00a0\u00a0\u00a0\u00a0\u00a0\u00a0\u00a0\u00a0\u00a0\u00a0\u00a0\u00a0\u00a0\u00a0\u00a0\u00a0\u00a0\u00a0 NEDEN \u00d6ZEL DERS<\/strong><\/p>\n<div>\u00a0<strong>\u00d6zel ders, \u00f6\u011frencinin daha verimli \u00e7al\u0131\u015fmas\u0131na imk\u00e2n tan\u0131r.Bir s\u0131n\u0131fta yer alan \u00f6\u011frencilerin hi\u00e7biri ayn\u0131 seviyede de\u011fildir.\u00d6\u011frenme h\u0131zlar\u0131 farkl\u0131 olabilece\u011fi gibi, bildikleri de birbirinden farkl\u0131 olabilir.\u00a0<span style=\"color: #ff0000;\"><span class=\"Apple-converted-space\">\u00a0<\/span><a style=\"color: #ff0000;\" title=\"NEDEN \u00d6ZEL DERS\" href=\"http:\/\/www.ozelgeometri.com\/?pnum=13&amp;pt=NEDEN%20OZEL%20DERS\">deva<\/a>m\u0131&#8230;&#8230;.<\/span><\/strong><\/div>\n","protected":false},"excerpt":{"rendered":"<p>\u00a0 \u00a0 \u00a0 \u00a0 \u00a0 \u00a0 Bo\u011fazi\u00e7i \u00dcniversitesi matematik \u00f6\u011fretmenli\u011fi mezunu 19 y\u0131ll\u0131k dershane,\u00f6zel okul ve \u00f6zel ders tecr\u00fcbeli, \u00f6zg\u00fcn \u00a0d\u00f6k\u00fcman, teknoloji destekli e\u011fitimle onlarca&#8230;<\/p>\n<div class=\"more-link-wrapper\"><a class=\"more-link\" href=\"http:\/\/www.calculusdersi.org\/?page_id=471\">Devam\u0131n\u0131 okuyun<span class=\"screen-reader-text\">\u00f6zel MATEMAT\u0130K  dersi<\/span><\/a><\/div>\n","protected":false},"author":1,"featured_media":0,"parent":0,"menu_order":0,"comment_status":"closed","ping_status":"closed","template":"","meta":{"footnotes":""},"yoast_head":"<!-- This site is optimized with the Yoast SEO plugin v19.10 - https:\/\/yoast.com\/wordpress\/plugins\/seo\/ -->\n<title>\u00f6zel MATEMAT\u0130K dersi - bo\u011fazi\u00e7iliden \u00f6zel CALCULUS dersi verilir. 05423140369<\/title>\n<meta name=\"robots\" content=\"index, follow, max-snippet:-1, max-image-preview:large, max-video-preview:-1\" \/>\n<link rel=\"canonical\" href=\"http:\/\/bo\u011fazi\u00e7iliden20\u00f6zel20matemat\u0130k20dersi20verilir.05423140369deneyimli20bo\u011eaz\u0130\u00c7\u0130l\u013020hocadan20\u00f6zel20matematik20dersi2005423140369bo\u011fazi\u00e7iliden20\u00f6zel20tyt20ayt20matemat\u0130k20ders\u013020verilir.05423140369\u00f6zel20calculus20dersi20verilir.05423140369bo\u011fazi\u00e7ili20hocadan20\u00d6zel20d\u0130fferans\u0130yel20dersi20verilir.05423140369bo\u011fazi\u00e7ili20hocadan20skype20\u00fczerinden20\u00d6zel20matemat\u0130k20dersleri20verilir.05423140369bo\u011fazi\u00e7iliden20\u00f6zel20l\u0130near20ceb\u0130r20dersi20verilir.05423140369\" \/>\n<meta property=\"og:locale\" content=\"tr_TR\" \/>\n<meta property=\"og:type\" content=\"article\" \/>\n<meta property=\"og:title\" content=\"\u00f6zel MATEMAT\u0130K dersi - bo\u011fazi\u00e7iliden \u00f6zel CALCULUS dersi verilir. 05423140369\" \/>\n<meta property=\"og:description\" content=\"\u00a0 \u00a0 \u00a0 \u00a0 \u00a0 \u00a0 Bo\u011fazi\u00e7i \u00dcniversitesi matematik \u00f6\u011fretmenli\u011fi mezunu 19 y\u0131ll\u0131k dershane,\u00f6zel okul ve \u00f6zel ders tecr\u00fcbeli, \u00f6zg\u00fcn \u00a0d\u00f6k\u00fcman, teknoloji destekli e\u011fitimle onlarca&#8230;\" \/>\n<meta property=\"og:url\" content=\"http:\/\/bo\u011fazi\u00e7iliden20\u00f6zel20matemat\u0130k20dersi20verilir.05423140369deneyimli20bo\u011eaz\u0130\u00c7\u0130l\u013020hocadan20\u00f6zel20matematik20dersi2005423140369bo\u011fazi\u00e7iliden20\u00f6zel20tyt20ayt20matemat\u0130k20ders\u013020verilir.05423140369\u00f6zel20calculus20dersi20verilir.05423140369bo\u011fazi\u00e7ili20hocadan20\u00d6zel20d\u0130fferans\u0130yel20dersi20verilir.05423140369bo\u011fazi\u00e7ili20hocadan20skype20\u00fczerinden20\u00d6zel20matemat\u0130k20dersleri20verilir.05423140369bo\u011fazi\u00e7iliden20\u00f6zel20l\u0130near20ceb\u0130r20dersi20verilir.05423140369\" \/>\n<meta property=\"og:site_name\" content=\"bo\u011fazi\u00e7iliden \u00f6zel CALCULUS dersi verilir. 05423140369\" \/>\n<meta property=\"article:publisher\" content=\"http:\/\/ozelders2013@gmail.com\" \/>\n<meta property=\"article:modified_time\" content=\"2023-01-26T18:20:03+00:00\" \/>\n<meta property=\"og:image\" content=\"http:\/\/www.calculusdersi.org\/wp-content\/uploads\/2023\/01\/BSwMqkLKSNb2QQJS7.png\" \/>\n<meta name=\"twitter:card\" content=\"summary_large_image\" \/>\n<meta name=\"twitter:label1\" content=\"Tahmini okuma s\u00fcresi\" \/>\n\t<meta name=\"twitter:data1\" content=\"2 dakika\" \/>\n<script type=\"application\/ld+json\" class=\"yoast-schema-graph\">{\"@context\":\"https:\/\/schema.org\",\"@graph\":[{\"@type\":\"WebPage\",\"@id\":\"http:\/\/www.calculusdersi.org\/?page_id=471\",\"url\":\"http:\/\/bo\u011fazi\u00e7iliden20\u00f6zel20matemat\u0130k20dersi20verilir.05423140369deneyimli20bo\u011eaz\u0130\u00c7\u0130l\u013020hocadan20\u00f6zel20matematik20dersi2005423140369bo\u011fazi\u00e7iliden20\u00f6zel20tyt20ayt20matemat\u0130k20ders\u013020verilir.05423140369\u00f6zel20calculus20dersi20verilir.05423140369bo\u011fazi\u00e7ili20hocadan20\u00d6zel20d\u0130fferans\u0130yel20dersi20verilir.05423140369bo\u011fazi\u00e7ili20hocadan20skype20\u00fczerinden20\u00d6zel20matemat\u0130k20dersleri20verilir.05423140369bo\u011fazi\u00e7iliden20\u00f6zel20l\u0130near20ceb\u0130r20dersi20verilir.05423140369\",\"name\":\"\u00f6zel MATEMAT\u0130K dersi - bo\u011fazi\u00e7iliden \u00f6zel CALCULUS dersi verilir. 05423140369\",\"isPartOf\":{\"@id\":\"http:\/\/www.calculusdersi.org\/#website\"},\"datePublished\":\"2017-02-11T18:47:27+00:00\",\"dateModified\":\"2023-01-26T18:20:03+00:00\",\"breadcrumb\":{\"@id\":\"http:\/\/bo\u011fazi\u00e7iliden20\u00f6zel20matemat\u0130k20dersi20verilir.05423140369deneyimli20bo\u011eaz\u0130\u00c7\u0130l\u013020hocadan20\u00f6zel20matematik20dersi2005423140369bo\u011fazi\u00e7iliden20\u00f6zel20tyt20ayt20matemat\u0130k20ders\u013020verilir.05423140369\u00f6zel20calculus20dersi20verilir.05423140369bo\u011fazi\u00e7ili20hocadan20\u00d6zel20d\u0130fferans\u0130yel20dersi20verilir.05423140369bo\u011fazi\u00e7ili20hocadan20skype20\u00fczerinden20\u00d6zel20matemat\u0130k20dersleri20verilir.05423140369bo\u011fazi\u00e7iliden20\u00f6zel20l\u0130near20ceb\u0130r20dersi20verilir.05423140369#breadcrumb\"},\"inLanguage\":\"tr\",\"potentialAction\":[{\"@type\":\"ReadAction\",\"target\":[\"http:\/\/bo\u011fazi\u00e7iliden20\u00f6zel20matemat\u0130k20dersi20verilir.05423140369deneyimli20bo\u011eaz\u0130\u00c7\u0130l\u013020hocadan20\u00f6zel20matematik20dersi2005423140369bo\u011fazi\u00e7iliden20\u00f6zel20tyt20ayt20matemat\u0130k20ders\u013020verilir.05423140369\u00f6zel20calculus20dersi20verilir.05423140369bo\u011fazi\u00e7ili20hocadan20\u00d6zel20d\u0130fferans\u0130yel20dersi20verilir.05423140369bo\u011fazi\u00e7ili20hocadan20skype20\u00fczerinden20\u00d6zel20matemat\u0130k20dersleri20verilir.05423140369bo\u011fazi\u00e7iliden20\u00f6zel20l\u0130near20ceb\u0130r20dersi20verilir.05423140369\"]}]},{\"@type\":\"BreadcrumbList\",\"@id\":\"http:\/\/bo\u011fazi\u00e7iliden20\u00f6zel20matemat\u0130k20dersi20verilir.05423140369deneyimli20bo\u011eaz\u0130\u00c7\u0130l\u013020hocadan20\u00f6zel20matematik20dersi2005423140369bo\u011fazi\u00e7iliden20\u00f6zel20tyt20ayt20matemat\u0130k20ders\u013020verilir.05423140369\u00f6zel20calculus20dersi20verilir.05423140369bo\u011fazi\u00e7ili20hocadan20\u00d6zel20d\u0130fferans\u0130yel20dersi20verilir.05423140369bo\u011fazi\u00e7ili20hocadan20skype20\u00fczerinden20\u00d6zel20matemat\u0130k20dersleri20verilir.05423140369bo\u011fazi\u00e7iliden20\u00f6zel20l\u0130near20ceb\u0130r20dersi20verilir.05423140369#breadcrumb\",\"itemListElement\":[{\"@type\":\"ListItem\",\"position\":1,\"name\":\"Ana sayfa\",\"item\":\"http:\/\/www.calculusdersi.org\/\"},{\"@type\":\"ListItem\",\"position\":2,\"name\":\"\u00f6zel MATEMAT\u0130K dersi\"}]},{\"@type\":\"WebSite\",\"@id\":\"http:\/\/www.calculusdersi.org\/#website\",\"url\":\"http:\/\/www.calculusdersi.org\/\",\"name\":\"bo\u011fazi\u00e7iliden \u00f6zel CALCULUS dersi verilir. 05423140369\",\"description\":\"bo\u011fazi\u00e7iliden \u00f6zel MATEMAT\u0130K dersi verilir.  5423140369 \",\"potentialAction\":[{\"@type\":\"SearchAction\",\"target\":{\"@type\":\"EntryPoint\",\"urlTemplate\":\"http:\/\/www.calculusdersi.org\/?s={search_term_string}\"},\"query-input\":\"required name=search_term_string\"}],\"inLanguage\":\"tr\"}]}<\/script>\n<!-- \/ Yoast SEO plugin. -->","yoast_head_json":{"title":"\u00f6zel MATEMAT\u0130K dersi - bo\u011fazi\u00e7iliden \u00f6zel CALCULUS dersi verilir. 05423140369","robots":{"index":"index","follow":"follow","max-snippet":"max-snippet:-1","max-image-preview":"max-image-preview:large","max-video-preview":"max-video-preview:-1"},"canonical":"http:\/\/bo\u011fazi\u00e7iliden20\u00f6zel20matemat\u0130k20dersi20verilir.05423140369deneyimli20bo\u011eaz\u0130\u00c7\u0130l\u013020hocadan20\u00f6zel20matematik20dersi2005423140369bo\u011fazi\u00e7iliden20\u00f6zel20tyt20ayt20matemat\u0130k20ders\u013020verilir.05423140369\u00f6zel20calculus20dersi20verilir.05423140369bo\u011fazi\u00e7ili20hocadan20\u00d6zel20d\u0130fferans\u0130yel20dersi20verilir.05423140369bo\u011fazi\u00e7ili20hocadan20skype20\u00fczerinden20\u00d6zel20matemat\u0130k20dersleri20verilir.05423140369bo\u011fazi\u00e7iliden20\u00f6zel20l\u0130near20ceb\u0130r20dersi20verilir.05423140369","og_locale":"tr_TR","og_type":"article","og_title":"\u00f6zel MATEMAT\u0130K dersi - bo\u011fazi\u00e7iliden \u00f6zel CALCULUS dersi verilir. 05423140369","og_description":"\u00a0 \u00a0 \u00a0 \u00a0 \u00a0 \u00a0 Bo\u011fazi\u00e7i \u00dcniversitesi matematik \u00f6\u011fretmenli\u011fi mezunu 19 y\u0131ll\u0131k dershane,\u00f6zel okul ve \u00f6zel ders tecr\u00fcbeli, \u00f6zg\u00fcn \u00a0d\u00f6k\u00fcman, teknoloji destekli e\u011fitimle onlarca&#8230;","og_url":"http:\/\/bo\u011fazi\u00e7iliden20\u00f6zel20matemat\u0130k20dersi20verilir.05423140369deneyimli20bo\u011eaz\u0130\u00c7\u0130l\u013020hocadan20\u00f6zel20matematik20dersi2005423140369bo\u011fazi\u00e7iliden20\u00f6zel20tyt20ayt20matemat\u0130k20ders\u013020verilir.05423140369\u00f6zel20calculus20dersi20verilir.05423140369bo\u011fazi\u00e7ili20hocadan20\u00d6zel20d\u0130fferans\u0130yel20dersi20verilir.05423140369bo\u011fazi\u00e7ili20hocadan20skype20\u00fczerinden20\u00d6zel20matemat\u0130k20dersleri20verilir.05423140369bo\u011fazi\u00e7iliden20\u00f6zel20l\u0130near20ceb\u0130r20dersi20verilir.05423140369","og_site_name":"bo\u011fazi\u00e7iliden \u00f6zel CALCULUS dersi verilir. 05423140369","article_publisher":"http:\/\/ozelders2013@gmail.com","article_modified_time":"2023-01-26T18:20:03+00:00","og_image":[{"url":"http:\/\/www.calculusdersi.org\/wp-content\/uploads\/2023\/01\/BSwMqkLKSNb2QQJS7.png"}],"twitter_card":"summary_large_image","twitter_misc":{"Tahmini okuma s\u00fcresi":"2 dakika"},"schema":{"@context":"https:\/\/schema.org","@graph":[{"@type":"WebPage","@id":"http:\/\/www.calculusdersi.org\/?page_id=471","url":"http:\/\/bo\u011fazi\u00e7iliden20\u00f6zel20matemat\u0130k20dersi20verilir.05423140369deneyimli20bo\u011eaz\u0130\u00c7\u0130l\u013020hocadan20\u00f6zel20matematik20dersi2005423140369bo\u011fazi\u00e7iliden20\u00f6zel20tyt20ayt20matemat\u0130k20ders\u013020verilir.05423140369\u00f6zel20calculus20dersi20verilir.05423140369bo\u011fazi\u00e7ili20hocadan20\u00d6zel20d\u0130fferans\u0130yel20dersi20verilir.05423140369bo\u011fazi\u00e7ili20hocadan20skype20\u00fczerinden20\u00d6zel20matemat\u0130k20dersleri20verilir.05423140369bo\u011fazi\u00e7iliden20\u00f6zel20l\u0130near20ceb\u0130r20dersi20verilir.05423140369","name":"\u00f6zel MATEMAT\u0130K dersi - bo\u011fazi\u00e7iliden \u00f6zel CALCULUS dersi verilir. 05423140369","isPartOf":{"@id":"http:\/\/www.calculusdersi.org\/#website"},"datePublished":"2017-02-11T18:47:27+00:00","dateModified":"2023-01-26T18:20:03+00:00","breadcrumb":{"@id":"http:\/\/bo\u011fazi\u00e7iliden20\u00f6zel20matemat\u0130k20dersi20verilir.05423140369deneyimli20bo\u011eaz\u0130\u00c7\u0130l\u013020hocadan20\u00f6zel20matematik20dersi2005423140369bo\u011fazi\u00e7iliden20\u00f6zel20tyt20ayt20matemat\u0130k20ders\u013020verilir.05423140369\u00f6zel20calculus20dersi20verilir.05423140369bo\u011fazi\u00e7ili20hocadan20\u00d6zel20d\u0130fferans\u0130yel20dersi20verilir.05423140369bo\u011fazi\u00e7ili20hocadan20skype20\u00fczerinden20\u00d6zel20matemat\u0130k20dersleri20verilir.05423140369bo\u011fazi\u00e7iliden20\u00f6zel20l\u0130near20ceb\u0130r20dersi20verilir.05423140369#breadcrumb"},"inLanguage":"tr","potentialAction":[{"@type":"ReadAction","target":["http:\/\/bo\u011fazi\u00e7iliden20\u00f6zel20matemat\u0130k20dersi20verilir.05423140369deneyimli20bo\u011eaz\u0130\u00c7\u0130l\u013020hocadan20\u00f6zel20matematik20dersi2005423140369bo\u011fazi\u00e7iliden20\u00f6zel20tyt20ayt20matemat\u0130k20ders\u013020verilir.05423140369\u00f6zel20calculus20dersi20verilir.05423140369bo\u011fazi\u00e7ili20hocadan20\u00d6zel20d\u0130fferans\u0130yel20dersi20verilir.05423140369bo\u011fazi\u00e7ili20hocadan20skype20\u00fczerinden20\u00d6zel20matemat\u0130k20dersleri20verilir.05423140369bo\u011fazi\u00e7iliden20\u00f6zel20l\u0130near20ceb\u0130r20dersi20verilir.05423140369"]}]},{"@type":"BreadcrumbList","@id":"http:\/\/bo\u011fazi\u00e7iliden20\u00f6zel20matemat\u0130k20dersi20verilir.05423140369deneyimli20bo\u011eaz\u0130\u00c7\u0130l\u013020hocadan20\u00f6zel20matematik20dersi2005423140369bo\u011fazi\u00e7iliden20\u00f6zel20tyt20ayt20matemat\u0130k20ders\u013020verilir.05423140369\u00f6zel20calculus20dersi20verilir.05423140369bo\u011fazi\u00e7ili20hocadan20\u00d6zel20d\u0130fferans\u0130yel20dersi20verilir.05423140369bo\u011fazi\u00e7ili20hocadan20skype20\u00fczerinden20\u00d6zel20matemat\u0130k20dersleri20verilir.05423140369bo\u011fazi\u00e7iliden20\u00f6zel20l\u0130near20ceb\u0130r20dersi20verilir.05423140369#breadcrumb","itemListElement":[{"@type":"ListItem","position":1,"name":"Ana sayfa","item":"http:\/\/www.calculusdersi.org\/"},{"@type":"ListItem","position":2,"name":"\u00f6zel MATEMAT\u0130K dersi"}]},{"@type":"WebSite","@id":"http:\/\/www.calculusdersi.org\/#website","url":"http:\/\/www.calculusdersi.org\/","name":"bo\u011fazi\u00e7iliden \u00f6zel CALCULUS dersi verilir. 05423140369","description":"bo\u011fazi\u00e7iliden \u00f6zel MATEMAT\u0130K dersi verilir.  5423140369 ","potentialAction":[{"@type":"SearchAction","target":{"@type":"EntryPoint","urlTemplate":"http:\/\/www.calculusdersi.org\/?s={search_term_string}"},"query-input":"required name=search_term_string"}],"inLanguage":"tr"}]}},"_links":{"self":[{"href":"http:\/\/www.calculusdersi.org\/index.php?rest_route=\/wp\/v2\/pages\/471"}],"collection":[{"href":"http:\/\/www.calculusdersi.org\/index.php?rest_route=\/wp\/v2\/pages"}],"about":[{"href":"http:\/\/www.calculusdersi.org\/index.php?rest_route=\/wp\/v2\/types\/page"}],"author":[{"embeddable":true,"href":"http:\/\/www.calculusdersi.org\/index.php?rest_route=\/wp\/v2\/users\/1"}],"replies":[{"embeddable":true,"href":"http:\/\/www.calculusdersi.org\/index.php?rest_route=%2Fwp%2Fv2%2Fcomments&post=471"}],"version-history":[{"count":27,"href":"http:\/\/www.calculusdersi.org\/index.php?rest_route=\/wp\/v2\/pages\/471\/revisions"}],"predecessor-version":[{"id":1169,"href":"http:\/\/www.calculusdersi.org\/index.php?rest_route=\/wp\/v2\/pages\/471\/revisions\/1169"}],"wp:attachment":[{"href":"http:\/\/www.calculusdersi.org\/index.php?rest_route=%2Fwp%2Fv2%2Fmedia&parent=471"}],"curies":[{"name":"wp","href":"https:\/\/api.w.org\/{rel}","templated":true}]}}