{"id":5,"date":"2015-11-11T19:51:37","date_gmt":"2015-11-11T19:51:37","guid":{"rendered":"http:\/\/www.calculusdersi.org\/?page_id=5"},"modified":"2025-11-21T17:30:58","modified_gmt":"2025-11-21T17:30:58","slug":"anasayfa","status":"publish","type":"page","link":"http:\/\/www.calculusdersi.org\/","title":{"rendered":"anasayfa"},"content":{"rendered":"<h4><\/h4>\n<h4><\/h4>\n<h4 style=\"text-align: left;\"><strong><a href=\"http:\/\/www.calculusdersi.org\/wp-content\/uploads\/2023\/01\/Screenshot_20230117_120953_Photos-1.jpg\"><img loading=\"lazy\" decoding=\"async\" class=\"size-large wp-image-1119 aligncenter\" src=\"http:\/\/www.calculusdersi.org\/wp-content\/uploads\/2023\/01\/Screenshot_20230117_120953_Photos-1-1024x597.jpg\" alt=\"\" width=\"1024\" height=\"597\" srcset=\"http:\/\/www.calculusdersi.org\/wp-content\/uploads\/2023\/01\/Screenshot_20230117_120953_Photos-1-1024x597.jpg 1024w, http:\/\/www.calculusdersi.org\/wp-content\/uploads\/2023\/01\/Screenshot_20230117_120953_Photos-1-300x175.jpg 300w, http:\/\/www.calculusdersi.org\/wp-content\/uploads\/2023\/01\/Screenshot_20230117_120953_Photos-1-768x448.jpg 768w, http:\/\/www.calculusdersi.org\/wp-content\/uploads\/2023\/01\/Screenshot_20230117_120953_Photos-1.jpg 1306w\" sizes=\"(max-width: 1024px) 100vw, 1024px\" \/><\/a>\u00a0 \u00a0 Bo\u011fazi\u00e7i \u00dcniversitesi matematik \u00f6\u011fretmenli\u011fi\u00a0 mast\u0131r ve doktora yapm\u0131\u015f 19 y\u0131ll\u0131k \u00f6\u011fretmenlik ve \u00f6zel ders deneyimli hocadan \u00f6zg\u00fcn ders notu ve teknoloji destekli e\u011fitimle y\u00fczlerce\u00a0 \u00fcniversite ve lise \u00f6\u011frencisine \u00f6zel ders vermi\u015f hocadan\u00a0 google meet\u00a0 veya zoom \u00fczerinden uygun fiyata \u00fcniversite ve lise \u00f6\u011frencilerine\u00a0 birebir veya online\u00a0<\/strong><\/h4>\n<h4 style=\"text-align: left;\"><strong>\u2022 calculus math101, math102 ,math201,<\/strong><br \/>\n<strong>\u2022 math105 &amp; math106<\/strong><br \/>\n<strong>\u2022 diferansiyel denklemler , lineer cebir,<\/strong><br \/>\n<strong>\u2022 AP calculus,<\/strong><br \/>\n<strong>\u2022 olas\u0131l\u0131k ve istatistik dersleri,<\/strong><br \/>\n<strong>\u2022 ales ve dgs matematik s\u0131navlar\u0131,<\/strong><br \/>\n<strong>\u2022 Ib, les ,gre, gmat,sat<\/strong><\/h4>\n<h4><strong>\u00a0 \u00a0 \u00a0 \u00a0 dersleri verilir. E\u011fer eksikliklerinizi k\u0131sa s\u00fcrede tamamlamak ve matematik dersleri s\u0131navlar\u0131nda ba\u015far\u0131l\u0131 olmak istiyorsan\u0131z i\u015fte f\u0131rsat, \u015fu an seviyeniz ne olursa olsun mutlaka ba\u015far\u0131l\u0131 olacaks\u0131n\u0131z. Unutmay\u0131n \u00f6zel dersi i\u015fin uzman\u0131ndan al\u0131rsan\u0131z hem k\u0131sa s\u00fcrede \u00f6\u011frenir hem de gereksiz yere zaman ve para harcam\u0131\u015f olmazs\u0131n\u0131z.<\/strong><\/h4>\n<h5><strong>\u00a0<\/strong><\/h5>\n<h4><strong><a href=\"http:\/\/www.calculusdersi.org\/wp-content\/uploads\/2023\/01\/2014-10-06_02.04.41-3.png\"><img loading=\"lazy\" decoding=\"async\" class=\"size-full wp-image-1155 alignleft\" src=\"http:\/\/www.calculusdersi.org\/wp-content\/uploads\/2023\/01\/2014-10-06_02.04.41-3.png\" alt=\"\" width=\"281\" height=\"166\" \/><\/a>\u00a0\u00fcniversitede okuyan \u00f6\u011frenciler ald\u0131klar\u0131 dersleri d\u00fczenli takip etmekte zorlan\u0131r. Ayr\u0131ca liseden de \u00e7ok fazla \u00e7al\u0131\u015fmadan \u00fcniversitede bir b\u00f6l\u00fcme girmi\u015f olabilir, fakat her ne kadar baz\u0131 \u00a0\u00f6zel \u00fcniversitelerde dersleri ge\u00e7mek kolay olsa da genelde calculus derslerini iyi bir ortalama ile ge\u00e7mek \u00e7ok kolay de\u011fil. \u00d6zel ders, \u00f6\u011frencilerin iyi bir notla ge\u00e7melerini ve takip edemedikleri konular\u0131 da k\u0131sa s\u00fcrede \u00f6\u011frenmelerini sa\u011flar. Ders verdi\u011fim \u00f6\u011frenciler bu t\u00fcr problemleri ya\u015famadan ve y\u00fcksek \u00a0notlarla derslerini ge\u00e7erler.<\/strong><\/h4>\n<h5><\/h5>\n<h4><\/h4>\n<h4><strong>\u00a0 \u00a0 \u00a0 \u00a0 \u00a0 \u00a0 \u00a0not: Nerde\u00a0 oturdu\u011funuz\u00a0 \u00f6nemli\u00a0 de\u011fil\u00a0 evinizin rahatl\u0131\u011f\u0131nda \u00a0iste\u011fe\u00a0 ba\u011fl\u0131\u00a0 \u00f6zel CALCULUS dersi , \u00f6zel D\u0130FFERANS\u0130YEL denklemler dersi\u00a0 ,\u00f6zel lineer CEB\u0130R dersi ve \u00f6zel\u00a0 MATEMAT\u0130K dersini\u00a0 google meet veya\u00a0 zoom \u00fczerinden de\u00a0 alabilirsiniz.<\/strong><\/h4>\n<h4><strong>&#8230;&#8230;&#8230;&#8230;&#8230;&#8230;&#8230;&#8230;&#8230;&#8230;&#8230;&#8230;&#8230;&#8230;&#8230;&#8230;&#8230;&#8230;&#8230;&#8230;&#8230;&#8230;&#8230;&#8230;&#8230;&#8230;&#8230;&#8230;&#8230;&#8230;..<\/strong><\/h4>\n<ul>\n<li><strong>e-mail : snf1881@gmail.com<\/strong><\/li>\n<li><strong>web: www.ozelgeometri.com<\/strong><\/li>\n<li><strong>\u00a0tel: 05423140369<\/strong><\/li>\n<li><strong>Youtube:youtube\/@ozelcalculusdersi3455<\/strong><\/li>\n<\/ul>\n","protected":false},"excerpt":{"rendered":"<p>\u00a0 \u00a0 Bo\u011fazi\u00e7i \u00dcniversitesi matematik \u00f6\u011fretmenli\u011fi\u00a0 mast\u0131r ve doktora yapm\u0131\u015f 19 y\u0131ll\u0131k \u00f6\u011fretmenlik ve \u00f6zel ders deneyimli hocadan \u00f6zg\u00fcn ders notu ve teknoloji destekli e\u011fitimle&#8230;<\/p>\n<div class=\"more-link-wrapper\"><a class=\"more-link\" href=\"http:\/\/www.calculusdersi.org\/\">Devam\u0131n\u0131 okuyun<span class=\"screen-reader-text\">anasayfa<\/span><\/a><\/div>\n","protected":false},"author":1,"featured_media":0,"parent":0,"menu_order":0,"comment_status":"closed","ping_status":"closed","template":"","meta":{"footnotes":""},"yoast_head":"<!-- This site is optimized with the Yoast SEO plugin v19.10 - https:\/\/yoast.com\/wordpress\/plugins\/seo\/ -->\n<title>anasayfa - bo\u011fazi\u00e7iliden \u00f6zel CALCULUS dersi verilir. 05423140369<\/title>\n<meta name=\"description\" content=\"bo\u011fazi\u00e7iliden \u00f6zel CALCULUS dersleri. \u00f6zel differansiyel denklemler dersi\" \/>\n<meta name=\"robots\" content=\"index, follow, max-snippet:-1, max-image-preview:large, max-video-preview:-1\" \/>\n<link rel=\"canonical\" href=\"http:\/\/www.calculusdersi.org\/\" \/>\n<meta property=\"og:locale\" content=\"tr_TR\" \/>\n<meta property=\"og:type\" content=\"article\" \/>\n<meta property=\"og:title\" content=\"anasayfa - bo\u011fazi\u00e7iliden \u00f6zel CALCULUS dersi verilir. 05423140369\" \/>\n<meta property=\"og:url\" content=\"http:\/\/www.calculusdersi.org\/\" \/>\n<meta property=\"og:site_name\" content=\"bo\u011fazi\u00e7iliden \u00f6zel CALCULUS dersi verilir. 05423140369\" \/>\n<meta property=\"article:publisher\" content=\"http:\/\/ozelders2013@gmail.com\" \/>\n<meta property=\"article:modified_time\" content=\"2025-11-21T17:30:58+00:00\" \/>\n<meta property=\"og:image\" content=\"http:\/\/www.calculusdersi.org\/wp-content\/uploads\/2023\/01\/Screenshot_20230117_120953_Photos-1-1024x597.jpg\" \/>\n<meta name=\"twitter:card\" content=\"summary_large_image\" \/>\n<meta name=\"twitter:label1\" content=\"Tahmini okuma s\u00fcresi\" \/>\n\t<meta name=\"twitter:data1\" content=\"2 dakika\" \/>\n<script type=\"application\/ld+json\" class=\"yoast-schema-graph\">{\"@context\":\"https:\/\/schema.org\",\"@graph\":[{\"@type\":\"WebPage\",\"@id\":\"http:\/\/www.calculusdersi.org\/\",\"url\":\"http:\/\/www.calculusdersi.org\/\",\"name\":\"anasayfa - bo\u011fazi\u00e7iliden \u00f6zel CALCULUS dersi verilir. 05423140369\",\"isPartOf\":{\"@id\":\"http:\/\/www.calculusdersi.org\/#website\"},\"datePublished\":\"2015-11-11T19:51:37+00:00\",\"dateModified\":\"2025-11-21T17:30:58+00:00\",\"description\":\"bo\u011fazi\u00e7iliden \u00f6zel CALCULUS dersleri. \u00f6zel differansiyel denklemler dersi\",\"breadcrumb\":{\"@id\":\"http:\/\/www.calculusdersi.org\/#breadcrumb\"},\"inLanguage\":\"tr\",\"potentialAction\":[{\"@type\":\"ReadAction\",\"target\":[\"http:\/\/www.calculusdersi.org\/\"]}]},{\"@type\":\"BreadcrumbList\",\"@id\":\"http:\/\/www.calculusdersi.org\/#breadcrumb\",\"itemListElement\":[{\"@type\":\"ListItem\",\"position\":1,\"name\":\"Ana sayfa\",\"item\":\"http:\/\/www.calculusdersi.org\/\"},{\"@type\":\"ListItem\",\"position\":2,\"name\":\"anasayfa\"}]},{\"@type\":\"WebSite\",\"@id\":\"http:\/\/www.calculusdersi.org\/#website\",\"url\":\"http:\/\/www.calculusdersi.org\/\",\"name\":\"bo\u011fazi\u00e7iliden \u00f6zel CALCULUS dersi verilir. 05423140369\",\"description\":\"bo\u011fazi\u00e7iliden \u00f6zel MATEMAT\u0130K dersi verilir.  5423140369 \",\"potentialAction\":[{\"@type\":\"SearchAction\",\"target\":{\"@type\":\"EntryPoint\",\"urlTemplate\":\"http:\/\/www.calculusdersi.org\/?s={search_term_string}\"},\"query-input\":\"required name=search_term_string\"}],\"inLanguage\":\"tr\"}]}<\/script>\n<!-- \/ Yoast SEO plugin. -->","yoast_head_json":{"title":"anasayfa - bo\u011fazi\u00e7iliden \u00f6zel CALCULUS dersi verilir. 05423140369","description":"bo\u011fazi\u00e7iliden \u00f6zel CALCULUS dersleri. \u00f6zel differansiyel denklemler dersi","robots":{"index":"index","follow":"follow","max-snippet":"max-snippet:-1","max-image-preview":"max-image-preview:large","max-video-preview":"max-video-preview:-1"},"canonical":"http:\/\/www.calculusdersi.org\/","og_locale":"tr_TR","og_type":"article","og_title":"anasayfa - bo\u011fazi\u00e7iliden \u00f6zel CALCULUS dersi verilir. 05423140369","og_url":"http:\/\/www.calculusdersi.org\/","og_site_name":"bo\u011fazi\u00e7iliden \u00f6zel CALCULUS dersi verilir. 05423140369","article_publisher":"http:\/\/ozelders2013@gmail.com","article_modified_time":"2025-11-21T17:30:58+00:00","og_image":[{"url":"http:\/\/www.calculusdersi.org\/wp-content\/uploads\/2023\/01\/Screenshot_20230117_120953_Photos-1-1024x597.jpg"}],"twitter_card":"summary_large_image","twitter_misc":{"Tahmini okuma s\u00fcresi":"2 dakika"},"schema":{"@context":"https:\/\/schema.org","@graph":[{"@type":"WebPage","@id":"http:\/\/www.calculusdersi.org\/","url":"http:\/\/www.calculusdersi.org\/","name":"anasayfa - bo\u011fazi\u00e7iliden \u00f6zel CALCULUS dersi verilir. 05423140369","isPartOf":{"@id":"http:\/\/www.calculusdersi.org\/#website"},"datePublished":"2015-11-11T19:51:37+00:00","dateModified":"2025-11-21T17:30:58+00:00","description":"bo\u011fazi\u00e7iliden \u00f6zel CALCULUS dersleri. \u00f6zel differansiyel denklemler dersi","breadcrumb":{"@id":"http:\/\/www.calculusdersi.org\/#breadcrumb"},"inLanguage":"tr","potentialAction":[{"@type":"ReadAction","target":["http:\/\/www.calculusdersi.org\/"]}]},{"@type":"BreadcrumbList","@id":"http:\/\/www.calculusdersi.org\/#breadcrumb","itemListElement":[{"@type":"ListItem","position":1,"name":"Ana sayfa","item":"http:\/\/www.calculusdersi.org\/"},{"@type":"ListItem","position":2,"name":"anasayfa"}]},{"@type":"WebSite","@id":"http:\/\/www.calculusdersi.org\/#website","url":"http:\/\/www.calculusdersi.org\/","name":"bo\u011fazi\u00e7iliden \u00f6zel CALCULUS dersi verilir. 05423140369","description":"bo\u011fazi\u00e7iliden \u00f6zel MATEMAT\u0130K dersi verilir.  5423140369 ","potentialAction":[{"@type":"SearchAction","target":{"@type":"EntryPoint","urlTemplate":"http:\/\/www.calculusdersi.org\/?s={search_term_string}"},"query-input":"required name=search_term_string"}],"inLanguage":"tr"}]}},"_links":{"self":[{"href":"http:\/\/www.calculusdersi.org\/index.php?rest_route=\/wp\/v2\/pages\/5"}],"collection":[{"href":"http:\/\/www.calculusdersi.org\/index.php?rest_route=\/wp\/v2\/pages"}],"about":[{"href":"http:\/\/www.calculusdersi.org\/index.php?rest_route=\/wp\/v2\/types\/page"}],"author":[{"embeddable":true,"href":"http:\/\/www.calculusdersi.org\/index.php?rest_route=\/wp\/v2\/users\/1"}],"replies":[{"embeddable":true,"href":"http:\/\/www.calculusdersi.org\/index.php?rest_route=%2Fwp%2Fv2%2Fcomments&post=5"}],"version-history":[{"count":393,"href":"http:\/\/www.calculusdersi.org\/index.php?rest_route=\/wp\/v2\/pages\/5\/revisions"}],"predecessor-version":[{"id":1212,"href":"http:\/\/www.calculusdersi.org\/index.php?rest_route=\/wp\/v2\/pages\/5\/revisions\/1212"}],"wp:attachment":[{"href":"http:\/\/www.calculusdersi.org\/index.php?rest_route=%2Fwp%2Fv2%2Fmedia&parent=5"}],"curies":[{"name":"wp","href":"https:\/\/api.w.org\/{rel}","templated":true}]}}