{"id":963,"date":"2022-12-28T21:50:05","date_gmt":"2022-12-28T21:50:05","guid":{"rendered":"http:\/\/www.calculusdersi.org\/?page_id=963"},"modified":"2022-12-29T21:37:27","modified_gmt":"2022-12-29T21:37:27","slug":"963-2","status":"publish","type":"page","link":"http:\/\/www.calculusdersi.org\/?page_id=963","title":{"rendered":"ileti\u015fim bilgileri"},"content":{"rendered":"<div class=\"wp-block-image\">\n<figure class=\"alignleft size-full is-resized\"><a href=\"http:\/\/www.calculusdersi.org\/wp-content\/uploads\/2022\/12\/image.png\"><img loading=\"lazy\" decoding=\"async\" src=\"http:\/\/www.calculusdersi.org\/wp-content\/uploads\/2022\/12\/image.png\" alt=\"\" class=\"wp-image-967\" width=\"104\" height=\"71\" srcset=\"http:\/\/www.calculusdersi.org\/wp-content\/uploads\/2022\/12\/image.png 272w, http:\/\/www.calculusdersi.org\/wp-content\/uploads\/2022\/12\/image-190x129.png 190w\" sizes=\"(max-width: 104px) 100vw, 104px\" \/><\/a><\/figure><\/div>\n\n\n<ul>\n<li><strong>tel:05423140369<\/strong><\/li>\n\n\n\n<li><strong>web:www.ozelgeometri.com<\/strong><\/li>\n\n\n\n<li><strong>e-mail:ozelders2013@gmail.com<\/strong><\/li>\n\n\n\n<li><strong>snf1881@gmail.com<\/strong><\/li>\n\n\n\n<li><strong>isteyenlere dersler igilizce de&nbsp;&nbsp;&nbsp;anlat\u0131labilir<\/strong><\/li>\n<\/ul>\n","protected":false},"excerpt":{"rendered":"","protected":false},"author":1,"featured_media":0,"parent":0,"menu_order":0,"comment_status":"closed","ping_status":"closed","template":"","meta":{"footnotes":""},"yoast_head":"<!-- This site is optimized with the Yoast SEO plugin v19.10 - https:\/\/yoast.com\/wordpress\/plugins\/seo\/ -->\n<title>ileti\u015fim bilgileri - bo\u011fazi\u00e7iliden \u00f6zel CALCULUS dersi verilir. 05423140369<\/title>\n<meta name=\"description\" content=\"tel:05423140369web:www.ozelgeometri.come-mail:ozelders2013@gmail.comisteyenlere dersler igilizce de\u00a0\u00a0\u00a0anlat\u0131labilir\" \/>\n<meta name=\"robots\" content=\"index, follow, max-snippet:-1, max-image-preview:large, max-video-preview:-1\" \/>\n<link rel=\"canonical\" href=\"http:\/\/www.calculusdersi.org\/?page_id=963\" \/>\n<meta property=\"og:locale\" content=\"tr_TR\" \/>\n<meta property=\"og:type\" content=\"article\" \/>\n<meta property=\"og:title\" content=\"ileti\u015fim bilgileri - bo\u011fazi\u00e7iliden \u00f6zel CALCULUS dersi verilir. 05423140369\" \/>\n<meta property=\"og:url\" content=\"http:\/\/www.calculusdersi.org\/?page_id=963\" \/>\n<meta property=\"og:site_name\" content=\"bo\u011fazi\u00e7iliden \u00f6zel CALCULUS dersi verilir. 05423140369\" \/>\n<meta property=\"article:publisher\" content=\"http:\/\/ozelders2013@gmail.com\" \/>\n<meta property=\"article:modified_time\" content=\"2022-12-29T21:37:27+00:00\" \/>\n<meta property=\"og:image\" content=\"http:\/\/www.calculusdersi.org\/wp-content\/uploads\/2022\/12\/image.png\" \/>\n<meta name=\"twitter:card\" content=\"summary_large_image\" \/>\n<meta name=\"twitter:label1\" content=\"Tahmini okuma s\u00fcresi\" \/>\n\t<meta name=\"twitter:data1\" content=\"1 dakika\" \/>\n<script type=\"application\/ld+json\" class=\"yoast-schema-graph\">{\"@context\":\"https:\/\/schema.org\",\"@graph\":[{\"@type\":\"WebPage\",\"@id\":\"http:\/\/www.calculusdersi.org\/?page_id=963\",\"url\":\"http:\/\/www.calculusdersi.org\/?page_id=963\",\"name\":\"ileti\u015fim bilgileri - bo\u011fazi\u00e7iliden \u00f6zel CALCULUS dersi verilir. 05423140369\",\"isPartOf\":{\"@id\":\"http:\/\/www.calculusdersi.org\/#website\"},\"datePublished\":\"2022-12-28T21:50:05+00:00\",\"dateModified\":\"2022-12-29T21:37:27+00:00\",\"description\":\"tel:05423140369web:www.ozelgeometri.come-mail:ozelders2013@gmail.comisteyenlere dersler igilizce de\u00a0\u00a0\u00a0anlat\u0131labilir\",\"breadcrumb\":{\"@id\":\"http:\/\/www.calculusdersi.org\/?page_id=963#breadcrumb\"},\"inLanguage\":\"tr\",\"potentialAction\":[{\"@type\":\"ReadAction\",\"target\":[\"http:\/\/www.calculusdersi.org\/?page_id=963\"]}]},{\"@type\":\"BreadcrumbList\",\"@id\":\"http:\/\/www.calculusdersi.org\/?page_id=963#breadcrumb\",\"itemListElement\":[{\"@type\":\"ListItem\",\"position\":1,\"name\":\"Ana sayfa\",\"item\":\"http:\/\/www.calculusdersi.org\/\"},{\"@type\":\"ListItem\",\"position\":2,\"name\":\"ileti\u015fim bilgileri\"}]},{\"@type\":\"WebSite\",\"@id\":\"http:\/\/www.calculusdersi.org\/#website\",\"url\":\"http:\/\/www.calculusdersi.org\/\",\"name\":\"bo\u011fazi\u00e7iliden \u00f6zel CALCULUS dersi verilir. 05423140369\",\"description\":\"bo\u011fazi\u00e7iliden \u00f6zel MATEMAT\u0130K dersi verilir.  5423140369 \",\"potentialAction\":[{\"@type\":\"SearchAction\",\"target\":{\"@type\":\"EntryPoint\",\"urlTemplate\":\"http:\/\/www.calculusdersi.org\/?s={search_term_string}\"},\"query-input\":\"required name=search_term_string\"}],\"inLanguage\":\"tr\"}]}<\/script>\n<!-- \/ Yoast SEO plugin. -->","yoast_head_json":{"title":"ileti\u015fim bilgileri - bo\u011fazi\u00e7iliden \u00f6zel CALCULUS dersi verilir. 05423140369","description":"tel:05423140369web:www.ozelgeometri.come-mail:ozelders2013@gmail.comisteyenlere dersler igilizce de\u00a0\u00a0\u00a0anlat\u0131labilir","robots":{"index":"index","follow":"follow","max-snippet":"max-snippet:-1","max-image-preview":"max-image-preview:large","max-video-preview":"max-video-preview:-1"},"canonical":"http:\/\/www.calculusdersi.org\/?page_id=963","og_locale":"tr_TR","og_type":"article","og_title":"ileti\u015fim bilgileri - bo\u011fazi\u00e7iliden \u00f6zel CALCULUS dersi verilir. 05423140369","og_url":"http:\/\/www.calculusdersi.org\/?page_id=963","og_site_name":"bo\u011fazi\u00e7iliden \u00f6zel CALCULUS dersi verilir. 05423140369","article_publisher":"http:\/\/ozelders2013@gmail.com","article_modified_time":"2022-12-29T21:37:27+00:00","og_image":[{"url":"http:\/\/www.calculusdersi.org\/wp-content\/uploads\/2022\/12\/image.png"}],"twitter_card":"summary_large_image","twitter_misc":{"Tahmini okuma s\u00fcresi":"1 dakika"},"schema":{"@context":"https:\/\/schema.org","@graph":[{"@type":"WebPage","@id":"http:\/\/www.calculusdersi.org\/?page_id=963","url":"http:\/\/www.calculusdersi.org\/?page_id=963","name":"ileti\u015fim bilgileri - bo\u011fazi\u00e7iliden \u00f6zel CALCULUS dersi verilir. 05423140369","isPartOf":{"@id":"http:\/\/www.calculusdersi.org\/#website"},"datePublished":"2022-12-28T21:50:05+00:00","dateModified":"2022-12-29T21:37:27+00:00","description":"tel:05423140369web:www.ozelgeometri.come-mail:ozelders2013@gmail.comisteyenlere dersler igilizce de\u00a0\u00a0\u00a0anlat\u0131labilir","breadcrumb":{"@id":"http:\/\/www.calculusdersi.org\/?page_id=963#breadcrumb"},"inLanguage":"tr","potentialAction":[{"@type":"ReadAction","target":["http:\/\/www.calculusdersi.org\/?page_id=963"]}]},{"@type":"BreadcrumbList","@id":"http:\/\/www.calculusdersi.org\/?page_id=963#breadcrumb","itemListElement":[{"@type":"ListItem","position":1,"name":"Ana sayfa","item":"http:\/\/www.calculusdersi.org\/"},{"@type":"ListItem","position":2,"name":"ileti\u015fim bilgileri"}]},{"@type":"WebSite","@id":"http:\/\/www.calculusdersi.org\/#website","url":"http:\/\/www.calculusdersi.org\/","name":"bo\u011fazi\u00e7iliden \u00f6zel CALCULUS dersi verilir. 05423140369","description":"bo\u011fazi\u00e7iliden \u00f6zel MATEMAT\u0130K dersi verilir.  5423140369 ","potentialAction":[{"@type":"SearchAction","target":{"@type":"EntryPoint","urlTemplate":"http:\/\/www.calculusdersi.org\/?s={search_term_string}"},"query-input":"required name=search_term_string"}],"inLanguage":"tr"}]}},"_links":{"self":[{"href":"http:\/\/www.calculusdersi.org\/index.php?rest_route=\/wp\/v2\/pages\/963"}],"collection":[{"href":"http:\/\/www.calculusdersi.org\/index.php?rest_route=\/wp\/v2\/pages"}],"about":[{"href":"http:\/\/www.calculusdersi.org\/index.php?rest_route=\/wp\/v2\/types\/page"}],"author":[{"embeddable":true,"href":"http:\/\/www.calculusdersi.org\/index.php?rest_route=\/wp\/v2\/users\/1"}],"replies":[{"embeddable":true,"href":"http:\/\/www.calculusdersi.org\/index.php?rest_route=%2Fwp%2Fv2%2Fcomments&post=963"}],"version-history":[{"count":4,"href":"http:\/\/www.calculusdersi.org\/index.php?rest_route=\/wp\/v2\/pages\/963\/revisions"}],"predecessor-version":[{"id":1003,"href":"http:\/\/www.calculusdersi.org\/index.php?rest_route=\/wp\/v2\/pages\/963\/revisions\/1003"}],"wp:attachment":[{"href":"http:\/\/www.calculusdersi.org\/index.php?rest_route=%2Fwp%2Fv2%2Fmedia&parent=963"}],"curies":[{"name":"wp","href":"https:\/\/api.w.org\/{rel}","templated":true}]}}